{"id":10,"date":"2015-05-02T12:07:42","date_gmt":"2015-05-02T16:07:42","guid":{"rendered":"http:\/\/192.168.0.253\/horizont\/?page_id=10"},"modified":"2026-03-22T21:04:52","modified_gmt":"2026-03-22T20:04:52","slug":"servisi","status":"publish","type":"page","link":"https:\/\/www.horizont-signal.hr\/index.php\/servisi\/","title":{"rendered":"Usluge"},"content":{"rendered":"<p><\/p>\n<h2>Vrste oznaka:<\/h2>\n<ul>\n<li style=\"list-style-type: none;\">\n<ul>\n<li>Uzdu\u017ene oznake (pune linije, isprekidane linije, dvostruke linije; razdijelne, sredi\u0161nje, rubne)<\/li>\n<\/ul>\n<\/li>\n<\/ul>\n<ul>\n<li style=\"list-style-type: none;\">\n<ul>\n<li>Popre\u010dne oznake (zaustavne linije, pje\u0161a\u010dki prijelazi, prijelazi biciklisti\u010dkih staza)<\/li>\n<\/ul>\n<\/li>\n<\/ul>\n<ul>\n<li style=\"list-style-type: none;\">\n<ul>\n<li>Ostale oznake (strelice, natpisi, polja za usmjeravanje prometa, parkirali\u0161na mjesta, autobusna stajali\u0161ta, oznake za posebne namjene&#8230;)<\/li>\n<\/ul>\n<\/li>\n<\/ul>\n<hr \/>\n<h2>Materijal:<\/h2>\n<ul>\n<li>Akrilne i vodene boje<\/li>\n<li>Hladna plastika<\/li>\n<\/ul>\n<hr \/>\n<h2>Reference:<\/h2>\n<p><strong>Tvrtke:<\/strong><\/p>\n<ul>\n<li>Cestorad d.d., Vinkovci<\/li>\n<li>Pismorad d.d. Zagreb<\/li>\n<li>Poduze\u0107e za ceste d.o.o., Slavonski Brod<\/li>\n<li>Franto d.o.o., Zadar<\/li>\n<\/ul>\n<p><strong>Gradovi:<\/strong><\/p>\n<ul>\n<li>Vinkovci<\/li>\n<li>Vukovar<\/li>\n<li>Slavonski Brod<\/li>\n<li>Zadar<\/li>\n<li>\u0160ibenik<\/li>\n<\/ul>\n<p><strong>Trgova\u010dki centri:<\/strong><\/p>\n<ul>\n<li>Bakmaz<\/li>\n<li>Kerum<\/li>\n<\/ul>\n<p><\/p>","protected":false},"excerpt":{"rendered":"<p>Vrste oznaka: Uzdu\u017ene oznake (pune linije, isprekidane linije, dvostruke linije; razdijelne, sredi\u0161nje, rubne) Popre\u010dne oznake (zaustavne linije, pje\u0161a\u010dki prijelazi, prijelazi biciklisti\u010dkih staza) Ostale oznake (strelice, natpisi, polja za usmjeravanje prometa, parkirali\u0161na mjesta, autobusna stajali\u0161ta, oznake za posebne namjene&#8230;) Materijal: Akrilne i vodene boje Hladna plastika Reference: Tvrtke: Cestorad d.d., Vinkovci Pismorad d.d. Zagreb Poduze\u0107e za<a href=\"https:\/\/www.horizont-signal.hr\/index.php\/servisi\/\">[&#8230;]<\/a><\/p>\n","protected":false},"author":1,"featured_media":0,"parent":0,"menu_order":0,"comment_status":"closed","ping_status":"closed","template":"","meta":{"footnotes":""},"class_list":["post-10","page","type-page","status-publish","hentry"],"_links":{"self":[{"href":"https:\/\/www.horizont-signal.hr\/index.php\/wp-json\/wp\/v2\/pages\/10","targetHints":{"allow":["GET"]}}],"collection":[{"href":"https:\/\/www.horizont-signal.hr\/index.php\/wp-json\/wp\/v2\/pages"}],"about":[{"href":"https:\/\/www.horizont-signal.hr\/index.php\/wp-json\/wp\/v2\/types\/page"}],"author":[{"embeddable":true,"href":"https:\/\/www.horizont-signal.hr\/index.php\/wp-json\/wp\/v2\/users\/1"}],"replies":[{"embeddable":true,"href":"https:\/\/www.horizont-signal.hr\/index.php\/wp-json\/wp\/v2\/comments?post=10"}],"version-history":[{"count":59,"href":"https:\/\/www.horizont-signal.hr\/index.php\/wp-json\/wp\/v2\/pages\/10\/revisions"}],"predecessor-version":[{"id":175,"href":"https:\/\/www.horizont-signal.hr\/index.php\/wp-json\/wp\/v2\/pages\/10\/revisions\/175"}],"wp:attachment":[{"href":"https:\/\/www.horizont-signal.hr\/index.php\/wp-json\/wp\/v2\/media?parent=10"}],"curies":[{"name":"wp","href":"https:\/\/api.w.org\/{rel}","templated":true}]}}